{"id":383,"date":"2023-09-21T12:15:38","date_gmt":"2023-09-21T10:15:38","guid":{"rendered":"https:\/\/www.isteroscopia.it\/?page_id=383"},"modified":"2023-11-03T14:44:03","modified_gmt":"2023-11-03T13:44:03","slug":"utero-setto-metroplastica-isteroscopica","status":"publish","type":"page","link":"https:\/\/www.isteroscopia.it\/en\/isteroscopia-operativa\/utero-setto-metroplastica-isteroscopica\/","title":{"rendered":"Utero-septum Hysteroscopic Metroplasty"},"content":{"rendered":"<div data-elementor-type=\"wp-page\" data-elementor-id=\"383\" class=\"elementor elementor-383\" data-elementor-post-type=\"page\">\n\t\t\t\t\t\t<section class=\"elementor-section elementor-top-section elementor-element elementor-element-60124690 elementor-section-boxed elementor-section-height-default elementor-section-height-default\" data-id=\"60124690\" data-element_type=\"section\" data-e-type=\"section\" data-settings=\"{&quot;background_background&quot;:&quot;classic&quot;}\">\n\t\t\t\t\t\t\t<div class=\"elementor-background-overlay\"><\/div>\n\t\t\t\t\t\t\t<div class=\"elementor-container elementor-column-gap-default\">\n\t\t\t\t\t<div class=\"elementor-column elementor-col-100 elementor-top-column elementor-element elementor-element-374cbf2f\" data-id=\"374cbf2f\" data-element_type=\"column\" data-e-type=\"column\">\n\t\t\t<div class=\"elementor-widget-wrap elementor-element-populated\">\n\t\t\t\t\t\t<div class=\"elementor-element elementor-element-1739706c elementor-widget elementor-widget-heading\" data-id=\"1739706c\" data-element_type=\"widget\" data-e-type=\"widget\" data-widget_type=\"heading.default\">\n\t\t\t\t<div class=\"elementor-widget-container\">\n\t\t\t\t\t<h1 class=\"elementor-heading-title elementor-size-default\">Operative hysteroscopy<\/h1>\t\t\t\t<\/div>\n\t\t\t\t<\/div>\n\t\t\t\t<div class=\"elementor-element elementor-element-531d1d0f elementor-widget elementor-widget-heading\" data-id=\"531d1d0f\" data-element_type=\"widget\" data-e-type=\"widget\" data-widget_type=\"heading.default\">\n\t\t\t\t<div class=\"elementor-widget-container\">\n\t\t\t\t\t<h2 class=\"elementor-heading-title elementor-size-default\">Utero-septum Hysteroscopic Metroplasty<\/h2>\t\t\t\t<\/div>\n\t\t\t\t<\/div>\n\t\t\t\t\t<\/div>\n\t\t<\/div>\n\t\t\t\t\t<\/div>\n\t\t<\/section>\n\t\t\t\t<section class=\"elementor-section elementor-top-section elementor-element elementor-element-35e43e82 elementor-section-boxed elementor-section-height-default elementor-section-height-default\" data-id=\"35e43e82\" data-element_type=\"section\" data-e-type=\"section\">\n\t\t\t\t\t\t<div class=\"elementor-container elementor-column-gap-default\">\n\t\t\t\t\t<div class=\"elementor-column elementor-col-100 elementor-top-column elementor-element elementor-element-1c497638\" data-id=\"1c497638\" data-element_type=\"column\" data-e-type=\"column\" data-settings=\"{&quot;background_background&quot;:&quot;classic&quot;}\">\n\t\t\t<div class=\"elementor-widget-wrap elementor-element-populated\">\n\t\t\t\t\t\t<div class=\"elementor-element elementor-element-725b46c elementor-widget elementor-widget-spacer\" data-id=\"725b46c\" data-element_type=\"widget\" data-e-type=\"widget\" data-widget_type=\"spacer.default\">\n\t\t\t\t<div class=\"elementor-widget-container\">\n\t\t\t\t\t\t\t<div class=\"elementor-spacer\">\n\t\t\t<div class=\"elementor-spacer-inner\"><\/div>\n\t\t<\/div>\n\t\t\t\t\t\t<\/div>\n\t\t\t\t<\/div>\n\t\t\t\t<div class=\"elementor-element elementor-element-3fb3b80b elementor-widget elementor-widget-spacer\" data-id=\"3fb3b80b\" data-element_type=\"widget\" data-e-type=\"widget\" data-widget_type=\"spacer.default\">\n\t\t\t\t<div class=\"elementor-widget-container\">\n\t\t\t\t\t\t\t<div class=\"elementor-spacer\">\n\t\t\t<div class=\"elementor-spacer-inner\"><\/div>\n\t\t<\/div>\n\t\t\t\t\t\t<\/div>\n\t\t\t\t<\/div>\n\t\t\t\t<section class=\"elementor-section elementor-inner-section elementor-element elementor-element-78fd94b1 elementor-section-boxed elementor-section-height-default elementor-section-height-default\" data-id=\"78fd94b1\" data-element_type=\"section\" data-e-type=\"section\">\n\t\t\t\t\t\t<div class=\"elementor-container elementor-column-gap-default\">\n\t\t\t\t\t<div class=\"elementor-column elementor-col-50 elementor-inner-column elementor-element elementor-element-1be07c3c elementor-invisible\" data-id=\"1be07c3c\" data-element_type=\"column\" data-e-type=\"column\" data-settings=\"{&quot;animation&quot;:&quot;fadeInRight&quot;}\">\n\t\t\t<div class=\"elementor-widget-wrap elementor-element-populated\">\n\t\t\t\t\t\t<div class=\"elementor-element elementor-element-650392d7 elementor-widget elementor-widget-text-editor\" data-id=\"650392d7\" data-element_type=\"widget\" data-e-type=\"widget\" data-widget_type=\"text-editor.default\">\n\t\t\t\t<div class=\"elementor-widget-container\">\n\t\t\t\t\t\t\t\t\t<p>Uterine septum is the most common uterine malformation and consists of the presence of a fibrous septum, most often with a mixed muscle-fibrous structure, that partially or completely divides the uterine cavity into two parts. <strong>May be associated with other malformations of the female genital apparatus (vaginal septum, double cervix, cervical septum)<\/strong> or other systems (urinary malformations, skeletal malformations endometriosis )<\/p><p>The septum is formed during the development of the embryo and is therefore a congenital malformation:<\/p><ul><li>the septum uterus is present in 13% of miscarriages<\/li><li>has a 46 % risk of causing miscarriages up to the 5th month, preterm deliveries and placental abruption due to reduced gestational capacity<\/li><\/ul><p>It is associated with dysmenorrhoea, dyspareunia, pelvic pain, infertility. Untreated it can lead to:<\/p><ul><li>miscarriage<\/li><li>g.e.u. (extrauterine pregnancy)<\/li><li>placental abruption<\/li><li>breech or transverse presentation<\/li><li>p.r.o.m. (premature rupture of membranes)\u00a0<\/li><li>i.u.g.r. (fetal growth retardation)<\/li><li>premature and\/or dystocic birth<\/li><li>caesarean section<\/li><li>post-partum haemorrhage and placental retention<\/li><li>m.e.f. (endouterine fetal death)<\/li><\/ul>\t\t\t\t\t\t\t\t<\/div>\n\t\t\t\t<\/div>\n\t\t\t\t<div class=\"elementor-element elementor-element-906acae elementor-widget elementor-widget-heading\" data-id=\"906acae\" data-element_type=\"widget\" data-e-type=\"widget\" data-widget_type=\"heading.default\">\n\t\t\t\t<div class=\"elementor-widget-container\">\n\t\t\t\t\t<h2 class=\"elementor-heading-title elementor-size-default\">Mechanism of Action<\/h2>\t\t\t\t<\/div>\n\t\t\t\t<\/div>\n\t\t\t\t<div class=\"elementor-element elementor-element-e1acf6c elementor-widget elementor-widget-text-editor\" data-id=\"e1acf6c\" data-element_type=\"widget\" data-e-type=\"widget\" data-widget_type=\"text-editor.default\">\n\t\t\t\t<div class=\"elementor-widget-container\">\n\t\t\t\t\t\t\t\t\t<ul><li>fibrous or mixed septum structure<\/li><li>impaired development of the endometrium lining it<\/li><li>abnormal vascularisation<\/li><\/ul>\t\t\t\t\t\t\t\t<\/div>\n\t\t\t\t<\/div>\n\t\t\t\t\t<\/div>\n\t\t<\/div>\n\t\t\t\t<div class=\"elementor-column elementor-col-50 elementor-inner-column elementor-element elementor-element-e006c99 elementor-invisible\" data-id=\"e006c99\" data-element_type=\"column\" data-e-type=\"column\" data-settings=\"{&quot;animation&quot;:&quot;fadeInRight&quot;}\">\n\t\t\t<div class=\"elementor-widget-wrap elementor-element-populated\">\n\t\t\t\t\t\t<div class=\"elementor-element elementor-element-38b1e3e elementor-widget elementor-widget-image\" data-id=\"38b1e3e\" data-element_type=\"widget\" data-e-type=\"widget\" data-widget_type=\"image.default\">\n\t\t\t\t<div class=\"elementor-widget-container\">\n\t\t\t\t\t\t\t\t\t\t\t\t\t\t\t<img fetchpriority=\"high\" decoding=\"async\" width=\"414\" height=\"517\" src=\"https:\/\/www.isteroscopia.it\/wp-content\/uploads\/2023\/09\/utero-setto-completo-bicolle.jpg\" class=\"attachment-large size-large wp-image-429\" alt=\"\" srcset=\"https:\/\/www.isteroscopia.it\/wp-content\/uploads\/2023\/09\/utero-setto-completo-bicolle.jpg 414w, https:\/\/www.isteroscopia.it\/wp-content\/uploads\/2023\/09\/utero-setto-completo-bicolle-240x300.jpg 240w\" sizes=\"(max-width: 414px) 100vw, 414px\" \/>\t\t\t\t\t\t\t\t\t\t\t\t\t\t\t<\/div>\n\t\t\t\t<\/div>\n\t\t\t\t<div class=\"elementor-element elementor-element-2c19356 elementor-widget elementor-widget-image\" data-id=\"2c19356\" data-element_type=\"widget\" data-e-type=\"widget\" data-widget_type=\"image.default\">\n\t\t\t\t<div class=\"elementor-widget-container\">\n\t\t\t\t\t\t\t\t\t\t\t\t\t\t\t<img decoding=\"async\" width=\"721\" height=\"572\" src=\"https:\/\/www.isteroscopia.it\/wp-content\/uploads\/2023\/09\/utero-setto-completo.jpg\" class=\"attachment-large size-large wp-image-430\" alt=\"\" srcset=\"https:\/\/www.isteroscopia.it\/wp-content\/uploads\/2023\/09\/utero-setto-completo.jpg 721w, https:\/\/www.isteroscopia.it\/wp-content\/uploads\/2023\/09\/utero-setto-completo-300x238.jpg 300w\" sizes=\"(max-width: 721px) 100vw, 721px\" \/>\t\t\t\t\t\t\t\t\t\t\t\t\t\t\t<\/div>\n\t\t\t\t<\/div>\n\t\t\t\t\t<\/div>\n\t\t<\/div>\n\t\t\t\t\t<\/div>\n\t\t<\/section>\n\t\t\t\t\t<\/div>\n\t\t<\/div>\n\t\t\t\t\t<\/div>\n\t\t<\/section>\n\t\t\t\t<section class=\"elementor-section elementor-top-section elementor-element elementor-element-7a9e12e9 elementor-section-boxed elementor-section-height-default elementor-section-height-default\" data-id=\"7a9e12e9\" data-element_type=\"section\" data-e-type=\"section\">\n\t\t\t\t\t\t<div class=\"elementor-container elementor-column-gap-default\">\n\t\t\t\t\t<div class=\"elementor-column elementor-col-100 elementor-top-column elementor-element elementor-element-1e5e9417\" data-id=\"1e5e9417\" data-element_type=\"column\" data-e-type=\"column\">\n\t\t\t<div class=\"elementor-widget-wrap elementor-element-populated\">\n\t\t\t\t\t\t<section class=\"elementor-section elementor-inner-section elementor-element elementor-element-672e47cb elementor-section-boxed elementor-section-height-default elementor-section-height-default\" data-id=\"672e47cb\" data-element_type=\"section\" data-e-type=\"section\">\n\t\t\t\t\t\t<div class=\"elementor-container elementor-column-gap-default\">\n\t\t\t\t\t<div class=\"elementor-column elementor-col-50 elementor-inner-column elementor-element elementor-element-47bd75a9\" data-id=\"47bd75a9\" data-element_type=\"column\" data-e-type=\"column\">\n\t\t\t<div class=\"elementor-widget-wrap elementor-element-populated\">\n\t\t\t\t\t\t<div class=\"elementor-element elementor-element-da1aeee elementor-widget elementor-widget-heading\" data-id=\"da1aeee\" data-element_type=\"widget\" data-e-type=\"widget\" data-widget_type=\"heading.default\">\n\t\t\t\t<div class=\"elementor-widget-container\">\n\t\t\t\t\t<h2 class=\"elementor-heading-title elementor-size-default\">Diagnosis<\/h2>\t\t\t\t<\/div>\n\t\t\t\t<\/div>\n\t\t\t\t<div class=\"elementor-element elementor-element-babc381 elementor-widget elementor-widget-text-editor\" data-id=\"babc381\" data-element_type=\"widget\" data-e-type=\"widget\" data-widget_type=\"text-editor.default\">\n\t\t\t\t<div class=\"elementor-widget-container\">\n\t\t\t\t\t\t\t\t\t<ol><li><strong><u>hysteroscopy:<\/u><\/strong> only shows the 2 uterine haemicavae, the thickness and length of the septum, if any, but does not say whether it is a septum or a bicornuate uterus and does not display the fundus<\/li><li><strong><u>eco3d:<\/u>\u00a0<\/strong>high diagnostic capacity. It allows the morphological study of the uterine fundus<\/li><li><strong><u>diagnostic laparoscopy + hysteroscopic metroplasty<\/u><\/strong>would allow a definite differential diagnosis between septum and bicornuate uterus and direct visualisation of the uterine fundus. Laparoscopy can be avoided if the 3D ultrasound is performed by highly experienced sonographers<\/li><\/ol>\t\t\t\t\t\t\t\t<\/div>\n\t\t\t\t<\/div>\n\t\t\t\t\t<\/div>\n\t\t<\/div>\n\t\t\t\t<div class=\"elementor-column elementor-col-50 elementor-inner-column elementor-element elementor-element-6824c02\" data-id=\"6824c02\" data-element_type=\"column\" data-e-type=\"column\">\n\t\t\t<div class=\"elementor-widget-wrap elementor-element-populated\">\n\t\t\t\t\t\t<div class=\"elementor-element elementor-element-e132bdd elementor-widget elementor-widget-heading\" data-id=\"e132bdd\" data-element_type=\"widget\" data-e-type=\"widget\" data-widget_type=\"heading.default\">\n\t\t\t\t<div class=\"elementor-widget-container\">\n\t\t\t\t\t<h2 class=\"elementor-heading-title elementor-size-default\">Operational Technique:<\/h2>\t\t\t\t<\/div>\n\t\t\t\t<\/div>\n\t\t\t\t<div class=\"elementor-element elementor-element-17f7af6 elementor-widget elementor-widget-text-editor\" data-id=\"17f7af6\" data-element_type=\"widget\" data-e-type=\"widget\" data-widget_type=\"text-editor.default\">\n\t\t\t\t<div class=\"elementor-widget-container\">\n\t\t\t\t\t\t\t\t\t<ul><li>It is performed strictly during the first 10 days of the menstrual cycle<\/li><li>In partial septa, micro-perforates can be used and in some cases it can be performed on an outpatient basis<\/li><li>In other cases, general anaesthesia and the use of miniresectors, which are easier to work with in confined spaces such as a septum, are indispensable.<\/li><li>The percentage of live and full-term births increases from 30% to over 80%<\/li><\/ul>\t\t\t\t\t\t\t\t<\/div>\n\t\t\t\t<\/div>\n\t\t\t\t\t<\/div>\n\t\t<\/div>\n\t\t\t\t\t<\/div>\n\t\t<\/section>\n\t\t\t\t<div class=\"elementor-element elementor-element-0db26c2 elementor-widget-divider--view-line elementor-widget elementor-widget-divider\" data-id=\"0db26c2\" data-element_type=\"widget\" data-e-type=\"widget\" data-widget_type=\"divider.default\">\n\t\t\t\t<div class=\"elementor-widget-container\">\n\t\t\t\t\t\t\t<div class=\"elementor-divider\">\n\t\t\t<span class=\"elementor-divider-separator\">\n\t\t\t\t\t\t<\/span>\n\t\t<\/div>\n\t\t\t\t\t\t<\/div>\n\t\t\t\t<\/div>\n\t\t\t\t\t<\/div>\n\t\t<\/div>\n\t\t\t\t\t<\/div>\n\t\t<\/section>\n\t\t\t\t<\/div>","protected":false},"excerpt":{"rendered":"<p>Isteroscopia Operativa Utero Setto Metroplastica Isteroscopica L&#8217;utero setto \u00e8 la pi\u00f9 frequente tra le malformazioni uterine e consiste nella presenza di un setto fibroso , pi\u00f9 spesso a struttura mista muscolo-fibrosa, che divide parzialmente o completamente la cavit\u00e0 uterina in 2 parti. Pu\u00f2 associarsi ad altre malformazioni dell&#8217;apparato genitale femminile (setto vaginale, doppia cervice uterina, [&hellip;]<\/p>\n","protected":false},"author":1,"featured_media":0,"parent":370,"menu_order":0,"comment_status":"closed","ping_status":"closed","template":"elementor_header_footer","meta":{"footnotes":""},"class_list":["post-383","page","type-page","status-publish","hentry"],"yoast_head":"<!-- This site is optimized with the Yoast SEO plugin v27.4 - https:\/\/yoast.com\/product\/yoast-seo-wordpress\/ -->\n<title>Dr. Pulcinella Ruggero | Utero Setto Metroplastica Isteroscopica<\/title>\n<meta name=\"description\" content=\"L\u2019utero setto \u00e8 la pi\u00f9 frequente tra le malformazioni uterine e consiste nella presenza di un setto fibroso..\" \/>\n<meta name=\"robots\" content=\"index, follow, max-snippet:-1, max-image-preview:large, max-video-preview:-1\" \/>\n<link rel=\"canonical\" href=\"https:\/\/www.isteroscopia.it\/en\/isteroscopia-operativa\/utero-setto-metroplastica-isteroscopica\/\" \/>\n<meta property=\"og:locale\" content=\"en_GB\" \/>\n<meta property=\"og:type\" content=\"article\" \/>\n<meta property=\"og:title\" content=\"Dr. Pulcinella Ruggero | Utero Setto Metroplastica Isteroscopica\" \/>\n<meta property=\"og:description\" content=\"L\u2019utero setto \u00e8 la pi\u00f9 frequente tra le malformazioni uterine e consiste nella presenza di un setto fibroso..\" \/>\n<meta property=\"og:url\" content=\"https:\/\/www.isteroscopia.it\/en\/isteroscopia-operativa\/utero-setto-metroplastica-isteroscopica\/\" \/>\n<meta property=\"og:site_name\" content=\"Dr. Pulcinella Ruggero\" \/>\n<meta property=\"article:modified_time\" content=\"2023-11-03T13:44:03+00:00\" \/>\n<meta property=\"og:image\" content=\"https:\/\/www.isteroscopia.it\/wp-content\/uploads\/2023\/09\/utero-setto-completo-bicolle.jpg\" \/>\n<meta name=\"twitter:card\" content=\"summary_large_image\" \/>\n<meta name=\"twitter:label1\" content=\"Estimated reading time\" \/>\n\t<meta name=\"twitter:data1\" content=\"3 minutes\" \/>\n<script type=\"application\/ld+json\" class=\"yoast-schema-graph\">{\"@context\":\"https:\\\/\\\/schema.org\",\"@graph\":[{\"@type\":\"WebPage\",\"@id\":\"https:\\\/\\\/www.isteroscopia.it\\\/isteroscopia-operativa\\\/utero-setto-metroplastica-isteroscopica\\\/\",\"url\":\"https:\\\/\\\/www.isteroscopia.it\\\/isteroscopia-operativa\\\/utero-setto-metroplastica-isteroscopica\\\/\",\"name\":\"Dr. Pulcinella Ruggero | Utero Setto Metroplastica Isteroscopica\",\"isPartOf\":{\"@id\":\"https:\\\/\\\/www.isteroscopia.it\\\/#website\"},\"primaryImageOfPage\":{\"@id\":\"https:\\\/\\\/www.isteroscopia.it\\\/isteroscopia-operativa\\\/utero-setto-metroplastica-isteroscopica\\\/#primaryimage\"},\"image\":{\"@id\":\"https:\\\/\\\/www.isteroscopia.it\\\/isteroscopia-operativa\\\/utero-setto-metroplastica-isteroscopica\\\/#primaryimage\"},\"thumbnailUrl\":\"https:\\\/\\\/www.isteroscopia.it\\\/wp-content\\\/uploads\\\/2023\\\/09\\\/utero-setto-completo-bicolle.jpg\",\"datePublished\":\"2023-09-21T10:15:38+00:00\",\"dateModified\":\"2023-11-03T13:44:03+00:00\",\"description\":\"L\u2019utero setto \u00e8 la pi\u00f9 frequente tra le malformazioni uterine e consiste nella presenza di un setto fibroso..\",\"breadcrumb\":{\"@id\":\"https:\\\/\\\/www.isteroscopia.it\\\/isteroscopia-operativa\\\/utero-setto-metroplastica-isteroscopica\\\/#breadcrumb\"},\"inLanguage\":\"en-GB\",\"potentialAction\":[{\"@type\":\"ReadAction\",\"target\":[\"https:\\\/\\\/www.isteroscopia.it\\\/isteroscopia-operativa\\\/utero-setto-metroplastica-isteroscopica\\\/\"]}]},{\"@type\":\"ImageObject\",\"inLanguage\":\"en-GB\",\"@id\":\"https:\\\/\\\/www.isteroscopia.it\\\/isteroscopia-operativa\\\/utero-setto-metroplastica-isteroscopica\\\/#primaryimage\",\"url\":\"https:\\\/\\\/www.isteroscopia.it\\\/wp-content\\\/uploads\\\/2023\\\/09\\\/utero-setto-completo-bicolle.jpg\",\"contentUrl\":\"https:\\\/\\\/www.isteroscopia.it\\\/wp-content\\\/uploads\\\/2023\\\/09\\\/utero-setto-completo-bicolle.jpg\"},{\"@type\":\"BreadcrumbList\",\"@id\":\"https:\\\/\\\/www.isteroscopia.it\\\/isteroscopia-operativa\\\/utero-setto-metroplastica-isteroscopica\\\/#breadcrumb\",\"itemListElement\":[{\"@type\":\"ListItem\",\"position\":1,\"name\":\"Home\",\"item\":\"https:\\\/\\\/www.isteroscopia.it\\\/\"},{\"@type\":\"ListItem\",\"position\":2,\"name\":\"Isteroscopia Operativa\",\"item\":\"https:\\\/\\\/www.isteroscopia.it\\\/isteroscopia-operativa\\\/\"},{\"@type\":\"ListItem\",\"position\":3,\"name\":\"Utero Setto Metroplastica Isteroscopica\"}]},{\"@type\":\"WebSite\",\"@id\":\"https:\\\/\\\/www.isteroscopia.it\\\/#website\",\"url\":\"https:\\\/\\\/www.isteroscopia.it\\\/\",\"name\":\"Dr. Pulcinella Ruggero | Ginecologo\",\"description\":\"Isteroscopia\",\"publisher\":{\"@id\":\"https:\\\/\\\/www.isteroscopia.it\\\/#organization\"},\"potentialAction\":[{\"@type\":\"SearchAction\",\"target\":{\"@type\":\"EntryPoint\",\"urlTemplate\":\"https:\\\/\\\/www.isteroscopia.it\\\/?s={search_term_string}\"},\"query-input\":{\"@type\":\"PropertyValueSpecification\",\"valueRequired\":true,\"valueName\":\"search_term_string\"}}],\"inLanguage\":\"en-GB\"},{\"@type\":\"Organization\",\"@id\":\"https:\\\/\\\/www.isteroscopia.it\\\/#organization\",\"name\":\"Dr. Pulcinella Ruggero | Ginecologo\",\"url\":\"https:\\\/\\\/www.isteroscopia.it\\\/\",\"logo\":{\"@type\":\"ImageObject\",\"inLanguage\":\"en-GB\",\"@id\":\"https:\\\/\\\/www.isteroscopia.it\\\/#\\\/schema\\\/logo\\\/image\\\/\",\"url\":\"https:\\\/\\\/www.isteroscopia.it\\\/wp-content\\\/uploads\\\/2023\\\/09\\\/logo.jpg\",\"contentUrl\":\"https:\\\/\\\/www.isteroscopia.it\\\/wp-content\\\/uploads\\\/2023\\\/09\\\/logo.jpg\",\"width\":714,\"height\":189,\"caption\":\"Dr. Pulcinella Ruggero | Ginecologo\"},\"image\":{\"@id\":\"https:\\\/\\\/www.isteroscopia.it\\\/#\\\/schema\\\/logo\\\/image\\\/\"},\"sameAs\":[\"https:\\\/\\\/www.linkedin.com\\\/in\\\/ruggero-pulcinella-24986479?originalSubdomain=it\",\"https:\\\/\\\/www.youtube.com\\\/@ruggeropulcinella8767\"]}]}<\/script>\n<!-- \/ Yoast SEO plugin. -->","yoast_head_json":{"title":"Dr. Pulcinella Ruggero | Utero Setto Metroplastica Isteroscopica","description":"L\u2019utero setto \u00e8 la pi\u00f9 frequente tra le malformazioni uterine e consiste nella presenza di un setto fibroso..","robots":{"index":"index","follow":"follow","max-snippet":"max-snippet:-1","max-image-preview":"max-image-preview:large","max-video-preview":"max-video-preview:-1"},"canonical":"https:\/\/www.isteroscopia.it\/en\/isteroscopia-operativa\/utero-setto-metroplastica-isteroscopica\/","og_locale":"en_GB","og_type":"article","og_title":"Dr. Pulcinella Ruggero | Utero Setto Metroplastica Isteroscopica","og_description":"L\u2019utero setto \u00e8 la pi\u00f9 frequente tra le malformazioni uterine e consiste nella presenza di un setto fibroso..","og_url":"https:\/\/www.isteroscopia.it\/en\/isteroscopia-operativa\/utero-setto-metroplastica-isteroscopica\/","og_site_name":"Dr. Pulcinella Ruggero","article_modified_time":"2023-11-03T13:44:03+00:00","og_image":[{"url":"https:\/\/www.isteroscopia.it\/wp-content\/uploads\/2023\/09\/utero-setto-completo-bicolle.jpg","type":"","width":"","height":""}],"twitter_card":"summary_large_image","twitter_misc":{"Estimated reading time":"3 minutes"},"schema":{"@context":"https:\/\/schema.org","@graph":[{"@type":"WebPage","@id":"https:\/\/www.isteroscopia.it\/isteroscopia-operativa\/utero-setto-metroplastica-isteroscopica\/","url":"https:\/\/www.isteroscopia.it\/isteroscopia-operativa\/utero-setto-metroplastica-isteroscopica\/","name":"Dr. Pulcinella Ruggero | Utero Setto Metroplastica Isteroscopica","isPartOf":{"@id":"https:\/\/www.isteroscopia.it\/#website"},"primaryImageOfPage":{"@id":"https:\/\/www.isteroscopia.it\/isteroscopia-operativa\/utero-setto-metroplastica-isteroscopica\/#primaryimage"},"image":{"@id":"https:\/\/www.isteroscopia.it\/isteroscopia-operativa\/utero-setto-metroplastica-isteroscopica\/#primaryimage"},"thumbnailUrl":"https:\/\/www.isteroscopia.it\/wp-content\/uploads\/2023\/09\/utero-setto-completo-bicolle.jpg","datePublished":"2023-09-21T10:15:38+00:00","dateModified":"2023-11-03T13:44:03+00:00","description":"L\u2019utero setto \u00e8 la pi\u00f9 frequente tra le malformazioni uterine e consiste nella presenza di un setto fibroso..","breadcrumb":{"@id":"https:\/\/www.isteroscopia.it\/isteroscopia-operativa\/utero-setto-metroplastica-isteroscopica\/#breadcrumb"},"inLanguage":"en-GB","potentialAction":[{"@type":"ReadAction","target":["https:\/\/www.isteroscopia.it\/isteroscopia-operativa\/utero-setto-metroplastica-isteroscopica\/"]}]},{"@type":"ImageObject","inLanguage":"en-GB","@id":"https:\/\/www.isteroscopia.it\/isteroscopia-operativa\/utero-setto-metroplastica-isteroscopica\/#primaryimage","url":"https:\/\/www.isteroscopia.it\/wp-content\/uploads\/2023\/09\/utero-setto-completo-bicolle.jpg","contentUrl":"https:\/\/www.isteroscopia.it\/wp-content\/uploads\/2023\/09\/utero-setto-completo-bicolle.jpg"},{"@type":"BreadcrumbList","@id":"https:\/\/www.isteroscopia.it\/isteroscopia-operativa\/utero-setto-metroplastica-isteroscopica\/#breadcrumb","itemListElement":[{"@type":"ListItem","position":1,"name":"Home","item":"https:\/\/www.isteroscopia.it\/"},{"@type":"ListItem","position":2,"name":"Isteroscopia Operativa","item":"https:\/\/www.isteroscopia.it\/isteroscopia-operativa\/"},{"@type":"ListItem","position":3,"name":"Utero Setto Metroplastica Isteroscopica"}]},{"@type":"WebSite","@id":"https:\/\/www.isteroscopia.it\/#website","url":"https:\/\/www.isteroscopia.it\/","name":"Dr. Pulcinella Ruggero | Gynaecologist","description":"Hysteroscopy","publisher":{"@id":"https:\/\/www.isteroscopia.it\/#organization"},"potentialAction":[{"@type":"SearchAction","target":{"@type":"EntryPoint","urlTemplate":"https:\/\/www.isteroscopia.it\/?s={search_term_string}"},"query-input":{"@type":"PropertyValueSpecification","valueRequired":true,"valueName":"search_term_string"}}],"inLanguage":"en-GB"},{"@type":"Organization","@id":"https:\/\/www.isteroscopia.it\/#organization","name":"Dr. Pulcinella Ruggero | Gynaecologist","url":"https:\/\/www.isteroscopia.it\/","logo":{"@type":"ImageObject","inLanguage":"en-GB","@id":"https:\/\/www.isteroscopia.it\/#\/schema\/logo\/image\/","url":"https:\/\/www.isteroscopia.it\/wp-content\/uploads\/2023\/09\/logo.jpg","contentUrl":"https:\/\/www.isteroscopia.it\/wp-content\/uploads\/2023\/09\/logo.jpg","width":714,"height":189,"caption":"Dr. Pulcinella Ruggero | Ginecologo"},"image":{"@id":"https:\/\/www.isteroscopia.it\/#\/schema\/logo\/image\/"},"sameAs":["https:\/\/www.linkedin.com\/in\/ruggero-pulcinella-24986479?originalSubdomain=it","https:\/\/www.youtube.com\/@ruggeropulcinella8767"]}]}},"_links":{"self":[{"href":"https:\/\/www.isteroscopia.it\/en\/wp-json\/wp\/v2\/pages\/383","targetHints":{"allow":["GET"]}}],"collection":[{"href":"https:\/\/www.isteroscopia.it\/en\/wp-json\/wp\/v2\/pages"}],"about":[{"href":"https:\/\/www.isteroscopia.it\/en\/wp-json\/wp\/v2\/types\/page"}],"author":[{"embeddable":true,"href":"https:\/\/www.isteroscopia.it\/en\/wp-json\/wp\/v2\/users\/1"}],"replies":[{"embeddable":true,"href":"https:\/\/www.isteroscopia.it\/en\/wp-json\/wp\/v2\/comments?post=383"}],"version-history":[{"count":23,"href":"https:\/\/www.isteroscopia.it\/en\/wp-json\/wp\/v2\/pages\/383\/revisions"}],"predecessor-version":[{"id":917,"href":"https:\/\/www.isteroscopia.it\/en\/wp-json\/wp\/v2\/pages\/383\/revisions\/917"}],"up":[{"embeddable":true,"href":"https:\/\/www.isteroscopia.it\/en\/wp-json\/wp\/v2\/pages\/370"}],"wp:attachment":[{"href":"https:\/\/www.isteroscopia.it\/en\/wp-json\/wp\/v2\/media?parent=383"}],"curies":[{"name":"wp","href":"https:\/\/api.w.org\/{rel}","templated":true}]}}