{"id":330,"date":"2023-09-13T14:26:57","date_gmt":"2023-09-13T12:26:57","guid":{"rendered":"https:\/\/www.isteroscopia.it\/?page_id=330"},"modified":"2023-10-11T08:39:00","modified_gmt":"2023-10-11T06:39:00","slug":"diritti-di-propieta-intellettuale","status":"publish","type":"page","link":"https:\/\/www.isteroscopia.it\/en\/diritti-di-propieta-intellettuale\/","title":{"rendered":"Intellectual Property Rights"},"content":{"rendered":"<div data-elementor-type=\"wp-page\" data-elementor-id=\"330\" class=\"elementor elementor-330\" data-elementor-post-type=\"page\">\n\t\t\t\t\t\t<section class=\"elementor-section elementor-top-section elementor-element elementor-element-20146778 elementor-section-boxed elementor-section-height-default elementor-section-height-default\" data-id=\"20146778\" data-element_type=\"section\" data-e-type=\"section\" data-settings=\"{&quot;background_background&quot;:&quot;classic&quot;}\">\n\t\t\t\t\t\t\t<div class=\"elementor-background-overlay\"><\/div>\n\t\t\t\t\t\t\t<div class=\"elementor-container elementor-column-gap-default\">\n\t\t\t\t\t<div class=\"elementor-column elementor-col-100 elementor-top-column elementor-element elementor-element-37bbd8f1\" data-id=\"37bbd8f1\" data-element_type=\"column\" data-e-type=\"column\">\n\t\t\t<div class=\"elementor-widget-wrap elementor-element-populated\">\n\t\t\t\t\t\t<div class=\"elementor-element elementor-element-1214142b elementor-widget elementor-widget-heading\" data-id=\"1214142b\" data-element_type=\"widget\" data-e-type=\"widget\" data-widget_type=\"heading.default\">\n\t\t\t\t<div class=\"elementor-widget-container\">\n\t\t\t\t\t<h1 class=\"elementor-heading-title elementor-size-default\">Intellectual Property Rights<\/h1>\t\t\t\t<\/div>\n\t\t\t\t<\/div>\n\t\t\t\t<div class=\"elementor-element elementor-element-4b76fd56 elementor-widget elementor-widget-heading\" data-id=\"4b76fd56\" data-element_type=\"widget\" data-e-type=\"widget\" data-widget_type=\"heading.default\">\n\t\t\t\t<div class=\"elementor-widget-container\">\n\t\t\t\t\t<h3 class=\"elementor-heading-title elementor-size-default\">Copyright\u00a9<\/h3>\t\t\t\t<\/div>\n\t\t\t\t<\/div>\n\t\t\t\t\t<\/div>\n\t\t<\/div>\n\t\t\t\t\t<\/div>\n\t\t<\/section>\n\t\t\t\t<section class=\"elementor-section elementor-top-section elementor-element elementor-element-26b5b184 elementor-section-boxed elementor-section-height-default elementor-section-height-default\" data-id=\"26b5b184\" data-element_type=\"section\" data-e-type=\"section\">\n\t\t\t\t\t\t<div class=\"elementor-container elementor-column-gap-default\">\n\t\t\t\t\t<div class=\"elementor-column elementor-col-100 elementor-top-column elementor-element elementor-element-5bb1bc43\" data-id=\"5bb1bc43\" data-element_type=\"column\" data-e-type=\"column\" data-settings=\"{&quot;background_background&quot;:&quot;classic&quot;}\">\n\t\t\t<div class=\"elementor-widget-wrap elementor-element-populated\">\n\t\t\t\t\t\t<div class=\"elementor-element elementor-element-7ffe9960 elementor-widget elementor-widget-spacer\" data-id=\"7ffe9960\" data-element_type=\"widget\" data-e-type=\"widget\" data-widget_type=\"spacer.default\">\n\t\t\t\t<div class=\"elementor-widget-container\">\n\t\t\t\t\t\t\t<div class=\"elementor-spacer\">\n\t\t\t<div class=\"elementor-spacer-inner\"><\/div>\n\t\t<\/div>\n\t\t\t\t\t\t<\/div>\n\t\t\t\t<\/div>\n\t\t\t\t<section class=\"elementor-section elementor-inner-section elementor-element elementor-element-732056bb elementor-section-boxed elementor-section-height-default elementor-section-height-default\" data-id=\"732056bb\" data-element_type=\"section\" data-e-type=\"section\">\n\t\t\t\t\t\t<div class=\"elementor-container elementor-column-gap-default\">\n\t\t\t\t\t<div class=\"elementor-column elementor-col-100 elementor-inner-column elementor-element elementor-element-627cec08 elementor-invisible\" data-id=\"627cec08\" data-element_type=\"column\" data-e-type=\"column\" data-settings=\"{&quot;animation&quot;:&quot;fadeInRight&quot;}\">\n\t\t\t<div class=\"elementor-widget-wrap elementor-element-populated\">\n\t\t\t\t\t\t<div class=\"elementor-element elementor-element-4dc845ab elementor-widget elementor-widget-text-editor\" data-id=\"4dc845ab\" data-element_type=\"widget\" data-e-type=\"widget\" data-widget_type=\"text-editor.default\">\n\t\t\t\t<div class=\"elementor-widget-container\">\n\t\t\t\t\t\t\t\t\t<p>Everything on this website, documentation, content, text, images, logos, artwork and graphics are the property of our company and are protected by copyright and intellectual property law. It is therefore strictly forbidden to copy, appropriate, redistribute, reproduce any phrase, content or image on this site because it is the work and intellect of the author himself.<br \/><br \/>Copying and reproduction of the contents and images in any form is prohibited.<br \/>Redistribution and publication of content and images not expressly authorised by the author is prohibited.<\/p>\t\t\t\t\t\t\t\t<\/div>\n\t\t\t\t<\/div>\n\t\t\t\t\t<\/div>\n\t\t<\/div>\n\t\t\t\t\t<\/div>\n\t\t<\/section>\n\t\t\t\t\t<\/div>\n\t\t<\/div>\n\t\t\t\t\t<\/div>\n\t\t<\/section>\n\t\t\t\t<\/div>","protected":false},"excerpt":{"rendered":"<p>Diritti di Propriet\u00e0 Intellettuale Copyright\u00a9 Tutto ci\u00f2 che \u00e8 riportato su di questo sito web, documentazione, contenuti, testi, immagini, il logo, il lavoro artistico e la grafica sono di propriet\u00e0 della nostra societ\u00e0, sono protetti dal diritto d\u00b4autore nonch\u00e9 dal diritto di propriet\u00e0 intellettuale. Sar\u00e0 quindi assolutamente vietato copiare, appropriarsi, ridistribuire, riprodurre qualsiasi frase, contento [&hellip;]<\/p>\n","protected":false},"author":1,"featured_media":0,"parent":0,"menu_order":0,"comment_status":"closed","ping_status":"closed","template":"elementor_header_footer","meta":{"footnotes":""},"class_list":["post-330","page","type-page","status-publish","hentry"],"yoast_head":"<!-- This site is optimized with the Yoast SEO plugin v27.4 - https:\/\/yoast.com\/product\/yoast-seo-wordpress\/ -->\n<title>Dr. Pulcinella Ruggero | Diritti di Propriet\u00e0 Intellettuale<\/title>\n<meta name=\"description\" content=\"Tutto ci\u00f2 che \u00e8 riportato su di questo sito web, documentazione, contenuti, testi, immagini, il logo, il lavoro artistico e la grafica sono di nostra propriet\u00e0.\" \/>\n<meta name=\"robots\" content=\"index, follow, max-snippet:-1, max-image-preview:large, max-video-preview:-1\" \/>\n<link rel=\"canonical\" href=\"https:\/\/www.isteroscopia.it\/en\/diritti-di-propieta-intellettuale\/\" \/>\n<meta property=\"og:locale\" content=\"en_GB\" \/>\n<meta property=\"og:type\" content=\"article\" \/>\n<meta property=\"og:title\" content=\"Dr. Pulcinella Ruggero | Diritti di Propriet\u00e0 Intellettuale\" \/>\n<meta property=\"og:description\" content=\"Tutto ci\u00f2 che \u00e8 riportato su di questo sito web, documentazione, contenuti, testi, immagini, il logo, il lavoro artistico e la grafica sono di nostra propriet\u00e0.\" \/>\n<meta property=\"og:url\" content=\"https:\/\/www.isteroscopia.it\/en\/diritti-di-propieta-intellettuale\/\" \/>\n<meta property=\"og:site_name\" content=\"Dr. Pulcinella Ruggero\" \/>\n<meta property=\"article:modified_time\" content=\"2023-10-11T06:39:00+00:00\" \/>\n<meta property=\"og:image\" content=\"https:\/\/www.isteroscopia.it\/wp-content\/uploads\/2023\/09\/logo.jpg\" \/>\n\t<meta property=\"og:image:width\" content=\"714\" \/>\n\t<meta property=\"og:image:height\" content=\"189\" \/>\n\t<meta property=\"og:image:type\" content=\"image\/jpeg\" \/>\n<meta name=\"twitter:card\" content=\"summary_large_image\" \/>\n<meta name=\"twitter:label1\" content=\"Estimated reading time\" \/>\n\t<meta name=\"twitter:data1\" content=\"1 minute\" \/>\n<script type=\"application\/ld+json\" class=\"yoast-schema-graph\">{\"@context\":\"https:\\\/\\\/schema.org\",\"@graph\":[{\"@type\":\"WebPage\",\"@id\":\"https:\\\/\\\/www.isteroscopia.it\\\/diritti-di-propieta-intellettuale\\\/\",\"url\":\"https:\\\/\\\/www.isteroscopia.it\\\/diritti-di-propieta-intellettuale\\\/\",\"name\":\"Dr. Pulcinella Ruggero | Diritti di Propriet\u00e0 Intellettuale\",\"isPartOf\":{\"@id\":\"https:\\\/\\\/www.isteroscopia.it\\\/#website\"},\"datePublished\":\"2023-09-13T12:26:57+00:00\",\"dateModified\":\"2023-10-11T06:39:00+00:00\",\"description\":\"Tutto ci\u00f2 che \u00e8 riportato su di questo sito web, documentazione, contenuti, testi, immagini, il logo, il lavoro artistico e la grafica sono di nostra propriet\u00e0.\",\"breadcrumb\":{\"@id\":\"https:\\\/\\\/www.isteroscopia.it\\\/diritti-di-propieta-intellettuale\\\/#breadcrumb\"},\"inLanguage\":\"en-GB\",\"potentialAction\":[{\"@type\":\"ReadAction\",\"target\":[\"https:\\\/\\\/www.isteroscopia.it\\\/diritti-di-propieta-intellettuale\\\/\"]}]},{\"@type\":\"BreadcrumbList\",\"@id\":\"https:\\\/\\\/www.isteroscopia.it\\\/diritti-di-propieta-intellettuale\\\/#breadcrumb\",\"itemListElement\":[{\"@type\":\"ListItem\",\"position\":1,\"name\":\"Home\",\"item\":\"https:\\\/\\\/www.isteroscopia.it\\\/\"},{\"@type\":\"ListItem\",\"position\":2,\"name\":\"Diritti di Propiet\u00e0 Intellettuale\"}]},{\"@type\":\"WebSite\",\"@id\":\"https:\\\/\\\/www.isteroscopia.it\\\/#website\",\"url\":\"https:\\\/\\\/www.isteroscopia.it\\\/\",\"name\":\"Dr. Pulcinella Ruggero | Ginecologo\",\"description\":\"Isteroscopia\",\"publisher\":{\"@id\":\"https:\\\/\\\/www.isteroscopia.it\\\/#organization\"},\"potentialAction\":[{\"@type\":\"SearchAction\",\"target\":{\"@type\":\"EntryPoint\",\"urlTemplate\":\"https:\\\/\\\/www.isteroscopia.it\\\/?s={search_term_string}\"},\"query-input\":{\"@type\":\"PropertyValueSpecification\",\"valueRequired\":true,\"valueName\":\"search_term_string\"}}],\"inLanguage\":\"en-GB\"},{\"@type\":\"Organization\",\"@id\":\"https:\\\/\\\/www.isteroscopia.it\\\/#organization\",\"name\":\"Dr. Pulcinella Ruggero | Ginecologo\",\"url\":\"https:\\\/\\\/www.isteroscopia.it\\\/\",\"logo\":{\"@type\":\"ImageObject\",\"inLanguage\":\"en-GB\",\"@id\":\"https:\\\/\\\/www.isteroscopia.it\\\/#\\\/schema\\\/logo\\\/image\\\/\",\"url\":\"https:\\\/\\\/www.isteroscopia.it\\\/wp-content\\\/uploads\\\/2023\\\/09\\\/logo.jpg\",\"contentUrl\":\"https:\\\/\\\/www.isteroscopia.it\\\/wp-content\\\/uploads\\\/2023\\\/09\\\/logo.jpg\",\"width\":714,\"height\":189,\"caption\":\"Dr. Pulcinella Ruggero | Ginecologo\"},\"image\":{\"@id\":\"https:\\\/\\\/www.isteroscopia.it\\\/#\\\/schema\\\/logo\\\/image\\\/\"},\"sameAs\":[\"https:\\\/\\\/www.linkedin.com\\\/in\\\/ruggero-pulcinella-24986479?originalSubdomain=it\",\"https:\\\/\\\/www.youtube.com\\\/@ruggeropulcinella8767\"]}]}<\/script>\n<!-- \/ Yoast SEO plugin. -->","yoast_head_json":{"title":"Dr. Pulcinella Ruggero | Intellectual Property Rights","description":"Everything on this website, documentation, content, text, images, the logo, artwork and graphics are our property.","robots":{"index":"index","follow":"follow","max-snippet":"max-snippet:-1","max-image-preview":"max-image-preview:large","max-video-preview":"max-video-preview:-1"},"canonical":"https:\/\/www.isteroscopia.it\/en\/diritti-di-propieta-intellettuale\/","og_locale":"en_GB","og_type":"article","og_title":"Dr. Pulcinella Ruggero | Diritti di Propriet\u00e0 Intellettuale","og_description":"Tutto ci\u00f2 che \u00e8 riportato su di questo sito web, documentazione, contenuti, testi, immagini, il logo, il lavoro artistico e la grafica sono di nostra propriet\u00e0.","og_url":"https:\/\/www.isteroscopia.it\/en\/diritti-di-propieta-intellettuale\/","og_site_name":"Dr. Pulcinella Ruggero","article_modified_time":"2023-10-11T06:39:00+00:00","og_image":[{"width":714,"height":189,"url":"https:\/\/www.isteroscopia.it\/wp-content\/uploads\/2023\/09\/logo.jpg","type":"image\/jpeg"}],"twitter_card":"summary_large_image","twitter_misc":{"Estimated reading time":"1 minute"},"schema":{"@context":"https:\/\/schema.org","@graph":[{"@type":"WebPage","@id":"https:\/\/www.isteroscopia.it\/diritti-di-propieta-intellettuale\/","url":"https:\/\/www.isteroscopia.it\/diritti-di-propieta-intellettuale\/","name":"Dr. Pulcinella Ruggero | Intellectual Property Rights","isPartOf":{"@id":"https:\/\/www.isteroscopia.it\/#website"},"datePublished":"2023-09-13T12:26:57+00:00","dateModified":"2023-10-11T06:39:00+00:00","description":"Everything on this website, documentation, content, text, images, the logo, artwork and graphics are our property.","breadcrumb":{"@id":"https:\/\/www.isteroscopia.it\/diritti-di-propieta-intellettuale\/#breadcrumb"},"inLanguage":"en-GB","potentialAction":[{"@type":"ReadAction","target":["https:\/\/www.isteroscopia.it\/diritti-di-propieta-intellettuale\/"]}]},{"@type":"BreadcrumbList","@id":"https:\/\/www.isteroscopia.it\/diritti-di-propieta-intellettuale\/#breadcrumb","itemListElement":[{"@type":"ListItem","position":1,"name":"Home","item":"https:\/\/www.isteroscopia.it\/"},{"@type":"ListItem","position":2,"name":"Diritti di Propiet\u00e0 Intellettuale"}]},{"@type":"WebSite","@id":"https:\/\/www.isteroscopia.it\/#website","url":"https:\/\/www.isteroscopia.it\/","name":"Dr. Pulcinella Ruggero | Gynaecologist","description":"Hysteroscopy","publisher":{"@id":"https:\/\/www.isteroscopia.it\/#organization"},"potentialAction":[{"@type":"SearchAction","target":{"@type":"EntryPoint","urlTemplate":"https:\/\/www.isteroscopia.it\/?s={search_term_string}"},"query-input":{"@type":"PropertyValueSpecification","valueRequired":true,"valueName":"search_term_string"}}],"inLanguage":"en-GB"},{"@type":"Organization","@id":"https:\/\/www.isteroscopia.it\/#organization","name":"Dr. Pulcinella Ruggero | Gynaecologist","url":"https:\/\/www.isteroscopia.it\/","logo":{"@type":"ImageObject","inLanguage":"en-GB","@id":"https:\/\/www.isteroscopia.it\/#\/schema\/logo\/image\/","url":"https:\/\/www.isteroscopia.it\/wp-content\/uploads\/2023\/09\/logo.jpg","contentUrl":"https:\/\/www.isteroscopia.it\/wp-content\/uploads\/2023\/09\/logo.jpg","width":714,"height":189,"caption":"Dr. Pulcinella Ruggero | Ginecologo"},"image":{"@id":"https:\/\/www.isteroscopia.it\/#\/schema\/logo\/image\/"},"sameAs":["https:\/\/www.linkedin.com\/in\/ruggero-pulcinella-24986479?originalSubdomain=it","https:\/\/www.youtube.com\/@ruggeropulcinella8767"]}]}},"_links":{"self":[{"href":"https:\/\/www.isteroscopia.it\/en\/wp-json\/wp\/v2\/pages\/330","targetHints":{"allow":["GET"]}}],"collection":[{"href":"https:\/\/www.isteroscopia.it\/en\/wp-json\/wp\/v2\/pages"}],"about":[{"href":"https:\/\/www.isteroscopia.it\/en\/wp-json\/wp\/v2\/types\/page"}],"author":[{"embeddable":true,"href":"https:\/\/www.isteroscopia.it\/en\/wp-json\/wp\/v2\/users\/1"}],"replies":[{"embeddable":true,"href":"https:\/\/www.isteroscopia.it\/en\/wp-json\/wp\/v2\/comments?post=330"}],"version-history":[{"count":5,"href":"https:\/\/www.isteroscopia.it\/en\/wp-json\/wp\/v2\/pages\/330\/revisions"}],"predecessor-version":[{"id":606,"href":"https:\/\/www.isteroscopia.it\/en\/wp-json\/wp\/v2\/pages\/330\/revisions\/606"}],"wp:attachment":[{"href":"https:\/\/www.isteroscopia.it\/en\/wp-json\/wp\/v2\/media?parent=330"}],"curies":[{"name":"wp","href":"https:\/\/api.w.org\/{rel}","templated":true}]}}